{"id":4780,"date":"2026-01-12T07:21:42","date_gmt":"2026-01-12T07:21:42","guid":{"rendered":"https:\/\/demoprojects.website\/shehry\/?page_id=4780"},"modified":"2026-01-12T07:25:50","modified_gmt":"2026-01-12T07:25:50","slug":"matris-kader-kurslari","status":"publish","type":"page","link":"https:\/\/demoprojects.website\/shehry\/tr\/matris-kader-kurslari\/","title":{"rendered":"Matris Kader Kurslar\u0131"},"content":{"rendered":"\t\t<div data-elementor-type=\"wp-page\" data-elementor-id=\"4780\" class=\"elementor elementor-4780\" data-elementor-post-type=\"page\">\n\t\t\t\t<div class=\"elementor-element elementor-element-79ad7c2 e-con-full e-flex e-con e-parent\" data-id=\"79ad7c2\" data-element_type=\"container\" data-e-type=\"container\">\n\t\t<div class=\"elementor-element elementor-element-a26c4d7 e-con-full e-flex e-con e-child\" data-id=\"a26c4d7\" data-element_type=\"container\" data-e-type=\"container\">\n\t\t<div class=\"elementor-element elementor-element-4cab772 e-con-full e-flex e-con e-child\" data-id=\"4cab772\" data-element_type=\"container\" data-e-type=\"container\">\n\t\t\t\t<div class=\"elementor-element elementor-element-936eecf elementor-widget__width-initial elementor-widget elementor-widget-heading\" data-id=\"936eecf\" data-element_type=\"widget\" data-e-type=\"widget\" data-settings=\"{&quot;_animation&quot;:&quot;none&quot;}\" data-widget_type=\"heading.default\">\n\t\t\t\t\t<h1 class=\"elementor-heading-title elementor-size-default\">Matris Kader Kurslar\u0131<\/h1>\t\t\t\t<\/div>\n\t\t\t\t<\/div>\n\t\t\t\t<\/div>\n\t\t\t\t<div class=\"elementor-element elementor-element-5fb6270 elementor-widget__width-initial elementor-absolute animated-fast elementor-invisible elementor-widget elementor-widget-image\" data-id=\"5fb6270\" data-element_type=\"widget\" data-e-type=\"widget\" data-settings=\"{&quot;_position&quot;:&quot;absolute&quot;,&quot;_animation&quot;:&quot;fadeIn&quot;,&quot;_animation_delay&quot;:200}\" data-widget_type=\"image.default\">\n\t\t\t\t\t\t\t\t\t\t\t\t\t\t\t<img fetchpriority=\"high\" decoding=\"async\" width=\"500\" height=\"500\" src=\"https:\/\/demoprojects.website\/shehry\/wp-content\/uploads\/2025\/11\/jupiter-planet-gas-giant-2023-11-27-05-09-14-utc-min.png\" class=\"attachment-large size-large wp-image-44\" alt=\"Matrix Destiny - Element\" srcset=\"https:\/\/demoprojects.website\/shehry\/wp-content\/uploads\/2025\/11\/jupiter-planet-gas-giant-2023-11-27-05-09-14-utc-min.png 500w, https:\/\/demoprojects.website\/shehry\/wp-content\/uploads\/2025\/11\/jupiter-planet-gas-giant-2023-11-27-05-09-14-utc-min-300x300.png 300w, https:\/\/demoprojects.website\/shehry\/wp-content\/uploads\/2025\/11\/jupiter-planet-gas-giant-2023-11-27-05-09-14-utc-min-100x100.png 100w, https:\/\/demoprojects.website\/shehry\/wp-content\/uploads\/2025\/11\/jupiter-planet-gas-giant-2023-11-27-05-09-14-utc-min-150x150.png 150w\" sizes=\"(max-width: 500px) 100vw, 500px\" \/>\t\t\t\t\t\t\t\t\t\t\t\t\t\t\t<\/div>\n\t\t\t\t<div class=\"elementor-element elementor-element-186fbba elementor-widget__width-initial elementor-absolute elementor-invisible elementor-widget elementor-widget-image\" data-id=\"186fbba\" data-element_type=\"widget\" data-e-type=\"widget\" data-settings=\"{&quot;_position&quot;:&quot;absolute&quot;,&quot;_animation&quot;:&quot;slideInLeft&quot;,&quot;_animation_delay&quot;:600}\" data-widget_type=\"image.default\">\n\t\t\t\t\t\t\t\t\t\t\t\t\t\t\t<img decoding=\"async\" width=\"187\" height=\"192\" src=\"https:\/\/demoprojects.website\/shehry\/wp-content\/uploads\/2025\/11\/images-1ll.webp\" class=\"attachment-large size-large wp-image-1786\" alt=\"Matrix Destiny - Element\" \/>\t\t\t\t\t\t\t\t\t\t\t\t\t\t\t<\/div>\n\t\t\t\t<div class=\"elementor-element elementor-element-a8415dd elementor-widget__width-initial elementor-absolute elementor-invisible elementor-widget elementor-widget-image\" data-id=\"a8415dd\" data-element_type=\"widget\" data-e-type=\"widget\" data-settings=\"{&quot;_position&quot;:&quot;absolute&quot;,&quot;_animation&quot;:&quot;zoomIn&quot;,&quot;_animation_delay&quot;:400}\" data-widget_type=\"image.default\">\n\t\t\t\t\t\t\t\t\t\t\t\t\t\t\t<img decoding=\"async\" width=\"503\" height=\"500\" src=\"https:\/\/demoprojects.website\/shehry\/wp-content\/uploads\/2025\/11\/ob-01.png\" class=\"attachment-large size-large wp-image-57\" alt=\"Matrix Destiny - Element\" srcset=\"https:\/\/demoprojects.website\/shehry\/wp-content\/uploads\/2025\/11\/ob-01.png 503w, https:\/\/demoprojects.website\/shehry\/wp-content\/uploads\/2025\/11\/ob-01-100x100.png 100w, https:\/\/demoprojects.website\/shehry\/wp-content\/uploads\/2025\/11\/ob-01-300x298.png 300w, https:\/\/demoprojects.website\/shehry\/wp-content\/uploads\/2025\/11\/ob-01-150x150.png 150w\" sizes=\"(max-width: 503px) 100vw, 503px\" \/>\t\t\t\t\t\t\t\t\t\t\t\t\t\t\t<\/div>\n\t\t\t\t<div class=\"elementor-element elementor-element-70c8738 elementor-widget__width-initial elementor-absolute elementor-hidden-mobile elementor-widget elementor-widget-image\" data-id=\"70c8738\" data-element_type=\"widget\" data-e-type=\"widget\" data-settings=\"{&quot;_position&quot;:&quot;absolute&quot;}\" data-widget_type=\"image.default\">\n\t\t\t\t\t\t\t\t\t\t\t\t\t\t\t<img loading=\"lazy\" decoding=\"async\" width=\"352\" height=\"500\" src=\"https:\/\/demoprojects.website\/shehry\/wp-content\/uploads\/2025\/11\/clear-11-min.png\" class=\"attachment-large size-large wp-image-49\" alt=\"Matrix Destiny - Icon - Matrix Destiny Contact\" srcset=\"https:\/\/demoprojects.website\/shehry\/wp-content\/uploads\/2025\/11\/clear-11-min.png 352w, https:\/\/demoprojects.website\/shehry\/wp-content\/uploads\/2025\/11\/clear-11-min-211x300.png 211w\" sizes=\"(max-width: 352px) 100vw, 352px\" \/>\t\t\t\t\t\t\t\t\t\t\t\t\t\t\t<\/div>\n\t\t\t\t<div class=\"elementor-element elementor-element-851aa2b elementor-widget__width-initial elementor-absolute elementor-hidden-mobile elementor-invisible elementor-widget elementor-widget-image\" data-id=\"851aa2b\" data-element_type=\"widget\" data-e-type=\"widget\" data-settings=\"{&quot;_position&quot;:&quot;absolute&quot;,&quot;_animation&quot;:&quot;bounceIn&quot;,&quot;_animation_delay&quot;:1000}\" data-widget_type=\"image.default\">\n\t\t\t\t\t\t\t\t\t\t\t\t\t\t\t<img loading=\"lazy\" decoding=\"async\" width=\"500\" height=\"457\" src=\"https:\/\/demoprojects.website\/shehry\/wp-content\/uploads\/2025\/11\/rough-black-andradite-garnet-mineral-isolated-2024-03-25-19-23-37-utc-min.png\" class=\"attachment-large size-large wp-image-45\" alt=\"Matrix Destiny - Element\" srcset=\"https:\/\/demoprojects.website\/shehry\/wp-content\/uploads\/2025\/11\/rough-black-andradite-garnet-mineral-isolated-2024-03-25-19-23-37-utc-min.png 500w, https:\/\/demoprojects.website\/shehry\/wp-content\/uploads\/2025\/11\/rough-black-andradite-garnet-mineral-isolated-2024-03-25-19-23-37-utc-min-300x274.png 300w\" sizes=\"(max-width: 500px) 100vw, 500px\" \/>\t\t\t\t\t\t\t\t\t\t\t\t\t\t\t<\/div>\n\t\t\t\t<div class=\"elementor-element elementor-element-c3f7ee6 elementor-widget__width-initial elementor-absolute rotating_rock elementor-widget elementor-widget-image\" data-id=\"c3f7ee6\" data-element_type=\"widget\" data-e-type=\"widget\" data-settings=\"{&quot;_position&quot;:&quot;absolute&quot;}\" data-widget_type=\"image.default\">\n\t\t\t\t\t\t\t\t\t\t\t\t\t\t\t<img loading=\"lazy\" decoding=\"async\" width=\"400\" height=\"344\" src=\"https:\/\/demoprojects.website\/shehry\/wp-content\/uploads\/2025\/11\/rough-crystal-of-cassiterite-tin-ore-isolated-2023-11-27-05-24-16-utc-min.png\" class=\"attachment-large size-large wp-image-76\" alt=\"Matrix Destiny - Element - Matrix Destiny Blog\" srcset=\"https:\/\/demoprojects.website\/shehry\/wp-content\/uploads\/2025\/11\/rough-crystal-of-cassiterite-tin-ore-isolated-2023-11-27-05-24-16-utc-min.png 400w, https:\/\/demoprojects.website\/shehry\/wp-content\/uploads\/2025\/11\/rough-crystal-of-cassiterite-tin-ore-isolated-2023-11-27-05-24-16-utc-min-300x258.png 300w\" sizes=\"(max-width: 400px) 100vw, 400px\" \/>\t\t\t\t\t\t\t\t\t\t\t\t\t\t\t<\/div>\n\t\t\t\t<\/div>\n\t\t<div class=\"elementor-element elementor-element-d6fdc19 e-con-full e-flex e-con e-parent\" data-id=\"d6fdc19\" data-element_type=\"container\" data-e-type=\"container\" data-settings=\"{&quot;background_background&quot;:&quot;classic&quot;}\">\n\t\t<div class=\"elementor-element elementor-element-2b1fae4 e-flex e-con-boxed e-con e-child\" data-id=\"2b1fae4\" data-element_type=\"container\" data-e-type=\"container\">\n\t\t\t\t\t<div class=\"e-con-inner\">\n\t\t<div class=\"elementor-element elementor-element-9a95e4c e-con-full e-flex e-con e-child\" data-id=\"9a95e4c\" data-element_type=\"container\" data-e-type=\"container\">\n\t\t\t\t<div class=\"elementor-element elementor-element-3f1af91 elementor-widget elementor-widget-heading\" data-id=\"3f1af91\" data-element_type=\"widget\" data-e-type=\"widget\" data-widget_type=\"heading.default\">\n\t\t\t\t\t<h5 class=\"elementor-heading-title elementor-size-default\">Yolunuzu ke\u015ffedin. Ger\u00e7ek potansiyelinizi ortaya \u00e7\u0131kar\u0131n.\n<\/h5>\t\t\t\t<\/div>\n\t\t\t\t<div class=\"elementor-element elementor-element-8668884 elementor-widget elementor-widget-heading\" data-id=\"8668884\" data-element_type=\"widget\" data-e-type=\"widget\" data-widget_type=\"heading.default\">\n\t\t\t\t\t<h2 class=\"elementor-heading-title elementor-size-default\">Matris Kader Kurslar\u0131 ile Hayat\u0131n\u0131z\u0131 D\u00f6n\u00fc\u015ft\u00fcr\u00fcn<\/h2>\t\t\t\t<\/div>\n\t\t\t\t<div class=\"elementor-element elementor-element-8627207 elementor-widget elementor-widget-heading\" data-id=\"8627207\" data-element_type=\"widget\" data-e-type=\"widget\" data-widget_type=\"heading.default\">\n\t\t\t\t\t<p class=\"elementor-heading-title elementor-size-default\">Bu g\u00fc\u00e7l\u00fc kurs, ger\u00e7ek ya\u015fam yolunuzu ve gizli potansiyelinizi anlaman\u0131za yard\u0131mc\u0131 olmak i\u00e7in tasarlanm\u0131\u015ft\u0131r. Daha iyi kararlar almay\u0131, zihinsel engelleri kald\u0131rmay\u0131 ve eylemlerinizi kaderinizle uyumlu hale getirmeyi \u00f6\u011freneceksiniz. Her ders, hemen uygulayabilece\u011finiz pratik i\u00e7g\u00f6r\u00fcler sunar. Hayat\u0131n\u0131z\u0131 de\u011fi\u015ftirme konusunda ciddiyseniz, ka\u00e7\u0131rmaman\u0131z gereken bir kurstur.\n<\/p>\t\t\t\t<\/div>\n\t\t\t\t<div class=\"elementor-element elementor-element-8f65491 elementor-align-left elementor-mobile-align-center elementor-widget elementor-widget-button\" data-id=\"8f65491\" data-element_type=\"widget\" data-e-type=\"widget\" data-widget_type=\"button.default\">\n\t\t\t\t\t\t\t\t\t\t<a class=\"elementor-button elementor-button-link elementor-size-sm\" href=\"https:\/\/demoprojects.website\/shehry\/wp-content\/uploads\/2026\/01\/unlock-your-destiny.pdf\" target=\"_blank\">\n\t\t\t\t\t\t<span class=\"elementor-button-content-wrapper\">\n\t\t\t\t\t\t<span class=\"elementor-button-icon\">\n\t\t\t\t<i aria-hidden=\"true\" class=\"icon icon-download\"><\/i>\t\t\t<\/span>\n\t\t\t\t\t\t\t\t\t<span class=\"elementor-button-text\">Let's read it!<\/span>\n\t\t\t\t\t<\/span>\n\t\t\t\t\t<\/a>\n\t\t\t\t\t\t\t\t<\/div>\n\t\t\t\t<div class=\"elementor-element elementor-element-6572d0d elementor-align-left elementor-mobile-align-center elementor-widget elementor-widget-button\" data-id=\"6572d0d\" data-element_type=\"widget\" data-e-type=\"widget\" data-widget_type=\"button.default\">\n\t\t\t\t\t\t\t\t\t\t<a class=\"elementor-button elementor-size-sm\" role=\"button\">\n\t\t\t\t\t\t<span class=\"elementor-button-content-wrapper\">\n\t\t\t\t\t\t\t\t\t<span class=\"elementor-button-text\">Let's get access for read it \ud83d\ude42 <\/span>\n\t\t\t\t\t<\/span>\n\t\t\t\t\t<\/a>\n\t\t\t\t\t\t\t\t<\/div>\n\t\t\t\t<\/div>\n\t\t\t\t\t<\/div>\n\t\t\t\t<\/div>\n\t\t<div class=\"elementor-element elementor-element-139c5ff e-con-full e-flex e-con e-child\" data-id=\"139c5ff\" data-element_type=\"container\" data-e-type=\"container\" data-settings=\"{&quot;background_background&quot;:&quot;classic&quot;}\">\n\t\t\t\t<div class=\"elementor-element elementor-element-b222a78 elementor-widget elementor-widget-image\" data-id=\"b222a78\" data-element_type=\"widget\" data-e-type=\"widget\" data-widget_type=\"image.default\">\n\t\t\t\t\t\t\t\t\t\t\t\t\t\t\t<img loading=\"lazy\" decoding=\"async\" width=\"792\" height=\"1024\" src=\"https:\/\/demoprojects.website\/shehry\/wp-content\/uploads\/2026\/01\/fa65f266-25e4-4aee-b454-3206ce9e301c-1-e1768198043447-792x1024.png\" class=\"attachment-large size-large wp-image-4739\" alt=\"GIrl using Ipad - Matrix Destiny\" srcset=\"https:\/\/demoprojects.website\/shehry\/wp-content\/uploads\/2026\/01\/fa65f266-25e4-4aee-b454-3206ce9e301c-1-e1768198043447-792x1024.png 792w, https:\/\/demoprojects.website\/shehry\/wp-content\/uploads\/2026\/01\/fa65f266-25e4-4aee-b454-3206ce9e301c-1-e1768198043447-232x300.png 232w, https:\/\/demoprojects.website\/shehry\/wp-content\/uploads\/2026\/01\/fa65f266-25e4-4aee-b454-3206ce9e301c-1-e1768198043447-768x993.png 768w, https:\/\/demoprojects.website\/shehry\/wp-content\/uploads\/2026\/01\/fa65f266-25e4-4aee-b454-3206ce9e301c-1-e1768198043447.png 1024w\" sizes=\"(max-width: 792px) 100vw, 792px\" \/>\t\t\t\t\t\t\t\t\t\t\t\t\t\t\t<\/div>\n\t\t\t\t<\/div>\n\t\t\t\t<\/div>\n\t\t<div class=\"elementor-element elementor-element-9f461c9 e-flex e-con-boxed e-con e-parent\" data-id=\"9f461c9\" data-element_type=\"container\" data-e-type=\"container\">\n\t\t\t\t\t<div class=\"e-con-inner\">\n\t\t<div class=\"elementor-element elementor-element-54831d8 e-con-full e-flex e-con e-child\" data-id=\"54831d8\" data-element_type=\"container\" data-e-type=\"container\" data-settings=\"{&quot;background_background&quot;:&quot;classic&quot;}\">\n\t\t\t\t<div class=\"elementor-element elementor-element-1e8b355 elementor-widget elementor-widget-image\" data-id=\"1e8b355\" data-element_type=\"widget\" data-e-type=\"widget\" data-widget_type=\"image.default\">\n\t\t\t\t\t\t\t\t\t\t\t\t\t\t\t<img loading=\"lazy\" decoding=\"async\" width=\"800\" height=\"457\" src=\"https:\/\/demoprojects.website\/shehry\/wp-content\/uploads\/2026\/01\/ideogram-v3.0_create_a_premium_course_thumbnail_design_for_an_online_numerology_course_titled_-0-1.jpg\" class=\"attachment-large size-large wp-image-4756\" alt=\"Matrix Destiny Couses\" srcset=\"https:\/\/demoprojects.website\/shehry\/wp-content\/uploads\/2026\/01\/ideogram-v3.0_create_a_premium_course_thumbnail_design_for_an_online_numerology_course_titled_-0-1.jpg 800w, https:\/\/demoprojects.website\/shehry\/wp-content\/uploads\/2026\/01\/ideogram-v3.0_create_a_premium_course_thumbnail_design_for_an_online_numerology_course_titled_-0-1-300x171.jpg 300w, https:\/\/demoprojects.website\/shehry\/wp-content\/uploads\/2026\/01\/ideogram-v3.0_create_a_premium_course_thumbnail_design_for_an_online_numerology_course_titled_-0-1-768x439.jpg 768w\" sizes=\"(max-width: 800px) 100vw, 800px\" \/>\t\t\t\t\t\t\t\t\t\t\t\t\t\t\t<\/div>\n\t\t\t\t<div class=\"elementor-element elementor-element-82a9778 elementor-widget elementor-widget-heading\" data-id=\"82a9778\" data-element_type=\"widget\" data-e-type=\"widget\" data-widget_type=\"heading.default\">\n\t\t\t\t\t<h2 class=\"elementor-heading-title elementor-size-default\">Matris Kader TAM KURSU Yeni Ba\u015flayanlar \u0130\u00e7in\n<\/h2>\t\t\t\t<\/div>\n\t\t\t\t<div class=\"elementor-element elementor-element-2931f80 elementor-widget elementor-widget-heading\" data-id=\"2931f80\" data-element_type=\"widget\" data-e-type=\"widget\" data-widget_type=\"heading.default\">\n\t\t\t\t\t<p class=\"elementor-heading-title elementor-size-default\">Say\u0131lar\u0131n g\u00fcc\u00fcyle ya\u015fam yolunuzun s\u0131rlar\u0131n\u0131 a\u00e7\u0131\u011fa \u00e7\u0131kar\u0131n\n<\/p>\t\t\t\t<\/div>\n\t\t\t\t<div class=\"elementor-element elementor-element-0c9ae68 elementor-align-center elementor-mobile-align-center elementor-widget elementor-widget-button\" data-id=\"0c9ae68\" data-element_type=\"widget\" data-e-type=\"widget\" data-widget_type=\"button.default\">\n\t\t\t\t\t\t\t\t\t\t<a class=\"elementor-button elementor-button-link elementor-size-sm elementor-animation-shrink\" href=\"https:\/\/demoprojects.website\/shehry\/wp-content\/uploads\/2026\/01\/discipline-is-destiny.pdf\" target=\"_blank\">\n\t\t\t\t\t\t<span class=\"elementor-button-content-wrapper\">\n\t\t\t\t\t\t\t\t\t<span class=\"elementor-button-text\">Takipte kal\u0131n<\/span>\n\t\t\t\t\t<\/span>\n\t\t\t\t\t<\/a>\n\t\t\t\t\t\t\t\t<\/div>\n\t\t\t\t<\/div>\n\t\t<div class=\"elementor-element elementor-element-4cd7dcb e-con-full e-flex e-con e-child\" data-id=\"4cd7dcb\" data-element_type=\"container\" data-e-type=\"container\" data-settings=\"{&quot;background_background&quot;:&quot;classic&quot;}\">\n\t\t\t\t<div class=\"elementor-element elementor-element-1a3244e elementor-widget elementor-widget-image\" data-id=\"1a3244e\" data-element_type=\"widget\" data-e-type=\"widget\" data-widget_type=\"image.default\">\n\t\t\t\t\t\t\t\t\t\t\t\t\t\t\t<img loading=\"lazy\" decoding=\"async\" width=\"800\" height=\"457\" src=\"https:\/\/demoprojects.website\/shehry\/wp-content\/uploads\/2026\/01\/ideogram-v3.0_design_a_premium_mystical_course_thumbnail_for_an_online_numerology_course_title-0-1.jpg\" class=\"attachment-large size-large wp-image-4757\" alt=\"Matrix Destiny Couses\" srcset=\"https:\/\/demoprojects.website\/shehry\/wp-content\/uploads\/2026\/01\/ideogram-v3.0_design_a_premium_mystical_course_thumbnail_for_an_online_numerology_course_title-0-1.jpg 800w, https:\/\/demoprojects.website\/shehry\/wp-content\/uploads\/2026\/01\/ideogram-v3.0_design_a_premium_mystical_course_thumbnail_for_an_online_numerology_course_title-0-1-300x171.jpg 300w, https:\/\/demoprojects.website\/shehry\/wp-content\/uploads\/2026\/01\/ideogram-v3.0_design_a_premium_mystical_course_thumbnail_for_an_online_numerology_course_title-0-1-768x439.jpg 768w\" sizes=\"(max-width: 800px) 100vw, 800px\" \/>\t\t\t\t\t\t\t\t\t\t\t\t\t\t\t<\/div>\n\t\t\t\t<div class=\"elementor-element elementor-element-cafea69 elementor-widget elementor-widget-heading\" data-id=\"cafea69\" data-element_type=\"widget\" data-e-type=\"widget\" data-widget_type=\"heading.default\">\n\t\t\t\t\t<h2 class=\"elementor-heading-title elementor-size-default\">Matris Kader - Say\u0131lar\u0131n G\u00fcc\u00fc\n<\/h2>\t\t\t\t<\/div>\n\t\t\t\t<div class=\"elementor-element elementor-element-6a4b15d elementor-widget elementor-widget-heading\" data-id=\"6a4b15d\" data-element_type=\"widget\" data-e-type=\"widget\" data-widget_type=\"heading.default\">\n\t\t\t\t\t<p class=\"elementor-heading-title elementor-size-default\">Matris Kader'i ke\u015ffedin. Hayat\u0131n \u00f6nemli alanlar\u0131n\u0131\u2014ili\u015fkiler, finans, ya\u015fam amac\u0131\u2014geli\u015ftirin.\n<\/p>\t\t\t\t<\/div>\n\t\t\t\t<div class=\"elementor-element elementor-element-991f30c elementor-align-center elementor-mobile-align-center elementor-widget elementor-widget-button\" data-id=\"991f30c\" data-element_type=\"widget\" data-e-type=\"widget\" data-widget_type=\"button.default\">\n\t\t\t\t\t\t\t\t\t\t<a class=\"elementor-button elementor-button-link elementor-size-sm elementor-animation-shrink\" href=\"https:\/\/demoprojects.website\/shehry\/wp-content\/uploads\/2026\/01\/destiny-matrix-ultimate-life-challenge-code.pdf\" target=\"_blank\">\n\t\t\t\t\t\t<span class=\"elementor-button-content-wrapper\">\n\t\t\t\t\t\t\t\t\t<span class=\"elementor-button-text\">Takipte kal\u0131n<\/span>\n\t\t\t\t\t<\/span>\n\t\t\t\t\t<\/a>\n\t\t\t\t\t\t\t\t<\/div>\n\t\t\t\t<\/div>\n\t\t\t\t\t<\/div>\n\t\t\t\t<\/div>\n\t\t\t\t<\/div>\n\t\t","protected":false},"excerpt":{"rendered":"<p>Matris Kader Kurslar\u0131 Yolunuzu ke\u015ffedin. Ger\u00e7ek potansiyelinizi ortaya \u00e7\u0131kar\u0131n&#8230;.<\/p>\n","protected":false},"author":2,"featured_media":0,"parent":0,"menu_order":0,"comment_status":"closed","ping_status":"closed","template":"elementor_header_footer","meta":{"pmpro_default_level":"","footnotes":""},"class_list":["post-4780","page","type-page","status-publish","hentry","pmpro-has-access"],"lang":"tr","translations":{"tr":4780,"ru":4774,"en":4693,"uk":4785,"it":4790,"pt":4796},"pll_sync_post":[],"_links":{"self":[{"href":"https:\/\/demoprojects.website\/shehry\/wp-json\/wp\/v2\/pages\/4780","targetHints":{"allow":["GET"]}}],"collection":[{"href":"https:\/\/demoprojects.website\/shehry\/wp-json\/wp\/v2\/pages"}],"about":[{"href":"https:\/\/demoprojects.website\/shehry\/wp-json\/wp\/v2\/types\/page"}],"author":[{"embeddable":true,"href":"https:\/\/demoprojects.website\/shehry\/wp-json\/wp\/v2\/users\/2"}],"replies":[{"embeddable":true,"href":"https:\/\/demoprojects.website\/shehry\/wp-json\/wp\/v2\/comments?post=4780"}],"version-history":[{"count":0,"href":"https:\/\/demoprojects.website\/shehry\/wp-json\/wp\/v2\/pages\/4780\/revisions"}],"wp:attachment":[{"href":"https:\/\/demoprojects.website\/shehry\/wp-json\/wp\/v2\/media?parent=4780"}],"curies":[{"name":"wp","href":"https:\/\/api.w.org\/{rel}","templated":true}]}}