{"id":2236,"date":"2025-11-21T20:08:19","date_gmt":"2025-11-21T20:08:19","guid":{"rendered":"https:\/\/demoprojects.website\/shehry\/?page_id=2236"},"modified":"2025-11-28T15:53:57","modified_gmt":"2025-11-28T15:53:57","slug":"chi-siamo","status":"publish","type":"page","link":"https:\/\/demoprojects.website\/shehry\/it\/chi-siamo\/","title":{"rendered":"Chi Siamo"},"content":{"rendered":"\t\t<div data-elementor-type=\"wp-page\" data-elementor-id=\"2236\" class=\"elementor elementor-2236\" data-elementor-post-type=\"page\">\n\t\t\t\t<div class=\"elementor-element elementor-element-2e88090 e-con-full e-flex e-con e-parent\" data-id=\"2e88090\" data-element_type=\"container\" data-e-type=\"container\">\n\t\t<div class=\"elementor-element elementor-element-6acdd13 e-con-full e-flex e-con e-child\" data-id=\"6acdd13\" data-element_type=\"container\" data-e-type=\"container\">\n\t\t<div class=\"elementor-element elementor-element-faf3757 e-con-full e-flex e-con e-child\" data-id=\"faf3757\" data-element_type=\"container\" data-e-type=\"container\">\n\t\t\t\t<div class=\"elementor-element elementor-element-7f50efd elementor-widget__width-initial elementor-widget elementor-widget-heading\" data-id=\"7f50efd\" data-element_type=\"widget\" data-e-type=\"widget\" data-settings=\"{&quot;_animation&quot;:&quot;none&quot;}\" data-widget_type=\"heading.default\">\n\t\t\t\t\t<h1 class=\"elementor-heading-title elementor-size-default\">Informazioni sulla Matrice del Destino<\/h1>\t\t\t\t<\/div>\n\t\t\t\t<\/div>\n\t\t\t\t<\/div>\n\t\t\t\t<div class=\"elementor-element elementor-element-9bea523 elementor-widget__width-initial elementor-absolute animated-fast elementor-invisible elementor-widget elementor-widget-image\" data-id=\"9bea523\" data-element_type=\"widget\" data-e-type=\"widget\" data-settings=\"{&quot;_position&quot;:&quot;absolute&quot;,&quot;_animation&quot;:&quot;fadeIn&quot;,&quot;_animation_delay&quot;:200}\" data-widget_type=\"image.default\">\n\t\t\t\t\t\t\t\t\t\t\t\t\t\t\t<img fetchpriority=\"high\" decoding=\"async\" width=\"500\" height=\"500\" src=\"https:\/\/demoprojects.website\/shehry\/wp-content\/uploads\/2025\/11\/jupiter-planet-gas-giant-2023-11-27-05-09-14-utc-min.png\" class=\"attachment-large size-large wp-image-44\" alt=\"Matrix Destiny - Element\" srcset=\"https:\/\/demoprojects.website\/shehry\/wp-content\/uploads\/2025\/11\/jupiter-planet-gas-giant-2023-11-27-05-09-14-utc-min.png 500w, https:\/\/demoprojects.website\/shehry\/wp-content\/uploads\/2025\/11\/jupiter-planet-gas-giant-2023-11-27-05-09-14-utc-min-300x300.png 300w, https:\/\/demoprojects.website\/shehry\/wp-content\/uploads\/2025\/11\/jupiter-planet-gas-giant-2023-11-27-05-09-14-utc-min-100x100.png 100w, https:\/\/demoprojects.website\/shehry\/wp-content\/uploads\/2025\/11\/jupiter-planet-gas-giant-2023-11-27-05-09-14-utc-min-150x150.png 150w\" sizes=\"(max-width: 500px) 100vw, 500px\" \/>\t\t\t\t\t\t\t\t\t\t\t\t\t\t\t<\/div>\n\t\t\t\t<div class=\"elementor-element elementor-element-c5a66a4 elementor-widget__width-initial elementor-absolute elementor-invisible elementor-widget elementor-widget-image\" data-id=\"c5a66a4\" data-element_type=\"widget\" data-e-type=\"widget\" data-settings=\"{&quot;_position&quot;:&quot;absolute&quot;,&quot;_animation&quot;:&quot;slideInLeft&quot;,&quot;_animation_delay&quot;:600}\" data-widget_type=\"image.default\">\n\t\t\t\t\t\t\t\t\t\t\t\t\t\t\t<img decoding=\"async\" width=\"187\" height=\"192\" src=\"https:\/\/demoprojects.website\/shehry\/wp-content\/uploads\/2025\/11\/images-1ll.webp\" class=\"attachment-large size-large wp-image-1786\" alt=\"Matrix Destiny - Element\" \/>\t\t\t\t\t\t\t\t\t\t\t\t\t\t\t<\/div>\n\t\t\t\t<div class=\"elementor-element elementor-element-b2fd2fd elementor-widget__width-initial elementor-absolute elementor-invisible elementor-widget elementor-widget-image\" data-id=\"b2fd2fd\" data-element_type=\"widget\" data-e-type=\"widget\" data-settings=\"{&quot;_position&quot;:&quot;absolute&quot;,&quot;_animation&quot;:&quot;zoomIn&quot;,&quot;_animation_delay&quot;:400}\" data-widget_type=\"image.default\">\n\t\t\t\t\t\t\t\t\t\t\t\t\t\t\t<img decoding=\"async\" width=\"503\" height=\"500\" src=\"https:\/\/demoprojects.website\/shehry\/wp-content\/uploads\/2025\/11\/ob-01.png\" class=\"attachment-large size-large wp-image-57\" alt=\"Matrix Destiny - Element\" srcset=\"https:\/\/demoprojects.website\/shehry\/wp-content\/uploads\/2025\/11\/ob-01.png 503w, https:\/\/demoprojects.website\/shehry\/wp-content\/uploads\/2025\/11\/ob-01-100x100.png 100w, https:\/\/demoprojects.website\/shehry\/wp-content\/uploads\/2025\/11\/ob-01-300x298.png 300w, https:\/\/demoprojects.website\/shehry\/wp-content\/uploads\/2025\/11\/ob-01-150x150.png 150w\" sizes=\"(max-width: 503px) 100vw, 503px\" \/>\t\t\t\t\t\t\t\t\t\t\t\t\t\t\t<\/div>\n\t\t\t\t<div class=\"elementor-element elementor-element-792fc01 elementor-widget__width-initial elementor-absolute elementor-hidden-mobile elementor-widget elementor-widget-image\" data-id=\"792fc01\" data-element_type=\"widget\" data-e-type=\"widget\" data-settings=\"{&quot;_position&quot;:&quot;absolute&quot;}\" data-widget_type=\"image.default\">\n\t\t\t\t\t\t\t\t\t\t\t\t\t\t\t<img loading=\"lazy\" decoding=\"async\" width=\"352\" height=\"500\" src=\"https:\/\/demoprojects.website\/shehry\/wp-content\/uploads\/2025\/11\/clear-11-min.png\" class=\"attachment-large size-large wp-image-49\" alt=\"Matrix Destiny - Icon - Matrix Destiny Contact\" srcset=\"https:\/\/demoprojects.website\/shehry\/wp-content\/uploads\/2025\/11\/clear-11-min.png 352w, https:\/\/demoprojects.website\/shehry\/wp-content\/uploads\/2025\/11\/clear-11-min-211x300.png 211w\" sizes=\"(max-width: 352px) 100vw, 352px\" \/>\t\t\t\t\t\t\t\t\t\t\t\t\t\t\t<\/div>\n\t\t\t\t<div class=\"elementor-element elementor-element-d8ee782 elementor-widget__width-initial elementor-absolute elementor-hidden-mobile elementor-invisible elementor-widget elementor-widget-image\" data-id=\"d8ee782\" data-element_type=\"widget\" data-e-type=\"widget\" data-settings=\"{&quot;_position&quot;:&quot;absolute&quot;,&quot;_animation&quot;:&quot;bounceIn&quot;,&quot;_animation_delay&quot;:1000}\" data-widget_type=\"image.default\">\n\t\t\t\t\t\t\t\t\t\t\t\t\t\t\t<img loading=\"lazy\" decoding=\"async\" width=\"500\" height=\"457\" src=\"https:\/\/demoprojects.website\/shehry\/wp-content\/uploads\/2025\/11\/rough-black-andradite-garnet-mineral-isolated-2024-03-25-19-23-37-utc-min.png\" class=\"attachment-large size-large wp-image-45\" alt=\"Matrix Destiny - Element\" srcset=\"https:\/\/demoprojects.website\/shehry\/wp-content\/uploads\/2025\/11\/rough-black-andradite-garnet-mineral-isolated-2024-03-25-19-23-37-utc-min.png 500w, https:\/\/demoprojects.website\/shehry\/wp-content\/uploads\/2025\/11\/rough-black-andradite-garnet-mineral-isolated-2024-03-25-19-23-37-utc-min-300x274.png 300w\" sizes=\"(max-width: 500px) 100vw, 500px\" \/>\t\t\t\t\t\t\t\t\t\t\t\t\t\t\t<\/div>\n\t\t\t\t<div class=\"elementor-element elementor-element-d740d0e elementor-widget__width-initial elementor-absolute rotating_rock elementor-widget elementor-widget-image\" data-id=\"d740d0e\" data-element_type=\"widget\" data-e-type=\"widget\" data-settings=\"{&quot;_position&quot;:&quot;absolute&quot;}\" data-widget_type=\"image.default\">\n\t\t\t\t\t\t\t\t\t\t\t\t\t\t\t<img loading=\"lazy\" decoding=\"async\" width=\"400\" height=\"344\" src=\"https:\/\/demoprojects.website\/shehry\/wp-content\/uploads\/2025\/11\/rough-crystal-of-cassiterite-tin-ore-isolated-2023-11-27-05-24-16-utc-min.png\" class=\"attachment-large size-large wp-image-76\" alt=\"Matrix Destiny - Element - Matrix Destiny Blog\" srcset=\"https:\/\/demoprojects.website\/shehry\/wp-content\/uploads\/2025\/11\/rough-crystal-of-cassiterite-tin-ore-isolated-2023-11-27-05-24-16-utc-min.png 400w, https:\/\/demoprojects.website\/shehry\/wp-content\/uploads\/2025\/11\/rough-crystal-of-cassiterite-tin-ore-isolated-2023-11-27-05-24-16-utc-min-300x258.png 300w\" sizes=\"(max-width: 400px) 100vw, 400px\" \/>\t\t\t\t\t\t\t\t\t\t\t\t\t\t\t<\/div>\n\t\t\t\t<\/div>\n\t\t<div class=\"elementor-element elementor-element-a196cbb e-flex e-con-boxed e-con e-parent\" data-id=\"a196cbb\" data-element_type=\"container\" data-e-type=\"container\">\n\t\t\t\t\t<div class=\"e-con-inner\">\n\t\t<div class=\"elementor-element elementor-element-1c07982 e-con-full e-flex e-con e-child\" data-id=\"1c07982\" data-element_type=\"container\" data-e-type=\"container\">\n\t\t<div class=\"elementor-element elementor-element-a2b2d23 e-con-full elementor-hidden-mobile e-flex e-con e-child\" data-id=\"a2b2d23\" data-element_type=\"container\" data-e-type=\"container\">\n\t\t\t\t<div class=\"elementor-element elementor-element-c48eb6f elementor-widget elementor-widget-image\" data-id=\"c48eb6f\" data-element_type=\"widget\" data-e-type=\"widget\" data-widget_type=\"image.default\">\n\t\t\t\t\t\t\t\t\t\t\t\t\t\t\t<img loading=\"lazy\" decoding=\"async\" width=\"800\" height=\"800\" src=\"https:\/\/demoprojects.website\/shehry\/wp-content\/uploads\/2025\/11\/e2f4bda87824a8220faeb0f5454f2e84_high-1.webp\" class=\"attachment-large size-large wp-image-1344\" alt=\"Matrix Destiny - About Us - Chart - About Matrix Destiny - \u041e \u041c\u0430\u0442\u0440\u0438\u0446\u0435 \u0421\u0443\u0434\u044c\u0431\u044b - Sobre a\" srcset=\"https:\/\/demoprojects.website\/shehry\/wp-content\/uploads\/2025\/11\/e2f4bda87824a8220faeb0f5454f2e84_high-1.webp 1024w, https:\/\/demoprojects.website\/shehry\/wp-content\/uploads\/2025\/11\/e2f4bda87824a8220faeb0f5454f2e84_high-1-300x300.webp 300w, https:\/\/demoprojects.website\/shehry\/wp-content\/uploads\/2025\/11\/e2f4bda87824a8220faeb0f5454f2e84_high-1-150x150.webp 150w, https:\/\/demoprojects.website\/shehry\/wp-content\/uploads\/2025\/11\/e2f4bda87824a8220faeb0f5454f2e84_high-1-768x768.webp 768w\" sizes=\"(max-width: 800px) 100vw, 800px\" \/>\t\t\t\t\t\t\t\t\t\t\t\t\t\t\t<\/div>\n\t\t\t\t<\/div>\n\t\t<div class=\"elementor-element elementor-element-2656848 e-con-full e-flex e-con e-child\" data-id=\"2656848\" data-element_type=\"container\" data-e-type=\"container\">\n\t\t<div class=\"elementor-element elementor-element-7f13673 e-con-full e-flex e-con e-child\" data-id=\"7f13673\" data-element_type=\"container\" data-e-type=\"container\" data-settings=\"{&quot;animation&quot;:&quot;none&quot;,&quot;animation_delay&quot;:200}\">\n\t\t\t\t<div class=\"elementor-element elementor-element-c26c953 elementor-widget elementor-widget-image\" data-id=\"c26c953\" data-element_type=\"widget\" data-e-type=\"widget\" data-widget_type=\"image.default\">\n\t\t\t\t\t\t\t\t\t\t\t\t\t\t\t<img loading=\"lazy\" decoding=\"async\" width=\"654\" height=\"808\" src=\"https:\/\/demoprojects.website\/shehry\/wp-content\/uploads\/2025\/11\/Untitled-design-17-e1763366443460.png\" class=\"attachment-large size-large wp-image-1333\" alt=\"Matrix Destiny - Icon\" srcset=\"https:\/\/demoprojects.website\/shehry\/wp-content\/uploads\/2025\/11\/Untitled-design-17-e1763366443460.png 654w, https:\/\/demoprojects.website\/shehry\/wp-content\/uploads\/2025\/11\/Untitled-design-17-e1763366443460-243x300.png 243w\" sizes=\"(max-width: 654px) 100vw, 654px\" \/>\t\t\t\t\t\t\t\t\t\t\t\t\t\t\t<\/div>\n\t\t\t\t<div class=\"elementor-element elementor-element-f334209 elementor-widget elementor-widget-heading\" data-id=\"f334209\" data-element_type=\"widget\" data-e-type=\"widget\" data-widget_type=\"heading.default\">\n\t\t\t\t\t<h3 class=\"elementor-heading-title elementor-size-default\">Guidati dallo <br>Scopo<\/h3>\t\t\t\t<\/div>\n\t\t\t\t<div class=\"elementor-element elementor-element-f96fb19 elementor-widget elementor-widget-heading\" data-id=\"f96fb19\" data-element_type=\"widget\" data-e-type=\"widget\" data-widget_type=\"heading.default\">\n\t\t\t\t\t<p class=\"elementor-heading-title elementor-size-default\">Ogni calcolo nella Matrice del Destino \u00e8 progettato per rivelare l\u2019intento della tua anima \u2014 mostrando come le tue energie si allineano con il quadro pi\u00f9 ampio della vita e dove inizia realmente la trasformazione.<\/p>\t\t\t\t<\/div>\n\t\t\t\t<\/div>\n\t\t<div class=\"elementor-element elementor-element-abe6354 e-con-full e-flex e-con e-child\" data-id=\"abe6354\" data-element_type=\"container\" data-e-type=\"container\" data-settings=\"{&quot;animation&quot;:&quot;none&quot;,&quot;animation_delay&quot;:400}\">\n\t\t\t\t<div class=\"elementor-element elementor-element-8477f9a elementor-widget elementor-widget-image\" data-id=\"8477f9a\" data-element_type=\"widget\" data-e-type=\"widget\" data-widget_type=\"image.default\">\n\t\t\t\t\t\t\t\t\t\t\t\t\t\t\t<img loading=\"lazy\" decoding=\"async\" width=\"654\" height=\"906\" src=\"https:\/\/demoprojects.website\/shehry\/wp-content\/uploads\/2025\/11\/Untitled-design-18.png\" class=\"attachment-large size-large wp-image-1336\" alt=\"Matrix Destiny - Icon\" srcset=\"https:\/\/demoprojects.website\/shehry\/wp-content\/uploads\/2025\/11\/Untitled-design-18.png 654w, https:\/\/demoprojects.website\/shehry\/wp-content\/uploads\/2025\/11\/Untitled-design-18-217x300.png 217w\" sizes=\"(max-width: 654px) 100vw, 654px\" \/>\t\t\t\t\t\t\t\t\t\t\t\t\t\t\t<\/div>\n\t\t\t\t<div class=\"elementor-element elementor-element-7e6d90a elementor-widget elementor-widget-heading\" data-id=\"7e6d90a\" data-element_type=\"widget\" data-e-type=\"widget\" data-widget_type=\"heading.default\">\n\t\t\t\t\t<h3 class=\"elementor-heading-title elementor-size-default\">Risvegliati dall\u2019Intuizione<\/h3>\t\t\t\t<\/div>\n\t\t\t\t<div class=\"elementor-element elementor-element-b6e17e9 elementor-widget elementor-widget-heading\" data-id=\"b6e17e9\" data-element_type=\"widget\" data-e-type=\"widget\" data-widget_type=\"heading.default\">\n\t\t\t\t\t<p class=\"elementor-heading-title elementor-size-default\">Comprendere la tua matrice non \u00e8 solo intuizione \u2014 \u00e8 azione. Attraverso la consapevolezza dei tuoi schemi, ottieni il potere di prendere decisioni in linea con il tuo vero s\u00e9 e creare un cambiamento duraturo.<\/p>\t\t\t\t<\/div>\n\t\t\t\t<\/div>\n\t\t\t\t<\/div>\n\t\t\t\t<\/div>\n\t\t<div class=\"elementor-element elementor-element-a77a90d e-con-full e-flex e-con e-child\" data-id=\"a77a90d\" data-element_type=\"container\" data-e-type=\"container\">\n\t\t<div class=\"elementor-element elementor-element-0e226c3 e-con-full e-flex e-con e-child\" data-id=\"0e226c3\" data-element_type=\"container\" data-e-type=\"container\">\n\t\t<div class=\"elementor-element elementor-element-acd0660 e-con-full e-flex e-con e-child\" data-id=\"acd0660\" data-element_type=\"container\" data-e-type=\"container\" data-settings=\"{&quot;animation&quot;:&quot;none&quot;,&quot;animation_delay&quot;:400}\">\n\t\t\t\t<div class=\"elementor-element elementor-element-d2918ae elementor-widget elementor-widget-heading\" data-id=\"d2918ae\" data-element_type=\"widget\" data-e-type=\"widget\" data-widget_type=\"heading.default\">\n\t\t\t\t\t<div class=\"elementor-heading-title elementor-size-default\">Il nostro scopo nei numeri<\/div>\t\t\t\t<\/div>\n\t\t\t\t<div class=\"elementor-element elementor-element-3d83428 elementor-widget elementor-widget-heading\" data-id=\"3d83428\" data-element_type=\"widget\" data-e-type=\"widget\" data-widget_type=\"heading.default\">\n\t\t\t\t\t<h2 class=\"elementor-heading-title elementor-size-default\">L\u2019essenza della Matrice del Destino<\/h2>\t\t\t\t<\/div>\n\t\t\t\t<div class=\"elementor-element elementor-element-67312f1 elementor-widget elementor-widget-heading\" data-id=\"67312f1\" data-element_type=\"widget\" data-e-type=\"widget\" data-widget_type=\"heading.default\">\n\t\t\t\t\t<p class=\"elementor-heading-title elementor-size-default\">La Matrice del Destino \u00e8 stata creata per aiutare le persone a scoprire il progetto nascosto della propria anima. Unendo antica numerologia, astrologia, chakra e psicologia, abbiamo costruito uno strumento moderno per una vera consapevolezza di s\u00e9. La nostra missione \u00e8 guidarti verso equilibrio, chiarezza e una vita vissuta in modo pi\u00f9 consapevole attraverso letture del destino personalizzate.<\/p>\t\t\t\t<\/div>\n\t\t\t\t<div class=\"elementor-element elementor-element-84e872f elementor-align-left elementor-mobile-align-center elementor-widget elementor-widget-button\" data-id=\"84e872f\" data-element_type=\"widget\" data-e-type=\"widget\" data-widget_type=\"button.default\">\n\t\t\t\t\t\t\t\t\t\t<a class=\"elementor-button elementor-button-link elementor-size-sm\" href=\"https:\/\/demoprojects.website\/shehry\/it\/#form\">\n\t\t\t\t\t\t<span class=\"elementor-button-content-wrapper\">\n\t\t\t\t\t\t\t\t\t<span class=\"elementor-button-text\">Calcoliamo il Destino<\/span>\n\t\t\t\t\t<\/span>\n\t\t\t\t\t<\/a>\n\t\t\t\t\t\t\t\t<\/div>\n\t\t\t\t<\/div>\n\t\t<div class=\"elementor-element elementor-element-167bc92 e-con-full elementor-hidden-mobile e-flex e-con e-child\" data-id=\"167bc92\" data-element_type=\"container\" data-e-type=\"container\" data-settings=\"{&quot;background_background&quot;:&quot;classic&quot;,&quot;animation&quot;:&quot;none&quot;,&quot;animation_delay&quot;:600}\">\n\t\t<div class=\"elementor-element elementor-element-f2f68a0 e-con-full e-transform e-flex e-con e-child\" data-id=\"f2f68a0\" data-element_type=\"container\" data-e-type=\"container\" data-settings=\"{&quot;position&quot;:&quot;absolute&quot;,&quot;_transform_rotateZ_effect&quot;:{&quot;unit&quot;:&quot;px&quot;,&quot;size&quot;:&quot;90&quot;,&quot;sizes&quot;:[]},&quot;_transform_rotateZ_effect_tablet&quot;:{&quot;unit&quot;:&quot;deg&quot;,&quot;size&quot;:&quot;&quot;,&quot;sizes&quot;:[]},&quot;_transform_rotateZ_effect_mobile&quot;:{&quot;unit&quot;:&quot;deg&quot;,&quot;size&quot;:&quot;&quot;,&quot;sizes&quot;:[]}}\">\n\t\t\t\t<div class=\"elementor-element elementor-element-182ea9f elementor-align-center elementor-icon-list--layout-traditional elementor-list-item-link-full_width elementor-widget elementor-widget-icon-list\" data-id=\"182ea9f\" data-element_type=\"widget\" data-e-type=\"widget\" data-widget_type=\"icon-list.default\">\n\t\t\t\t\t\t\t<ul class=\"elementor-icon-list-items\">\n\t\t\t\t\t\t\t<li class=\"elementor-icon-list-item\">\n\t\t\t\t\t\t\t\t\t\t\t<span class=\"elementor-icon-list-icon\">\n\t\t\t\t\t\t\t<svg aria-hidden=\"true\" class=\"e-font-icon-svg e-fas-moon\" viewBox=\"0 0 512 512\" xmlns=\"http:\/\/www.w3.org\/2000\/svg\"><path d=\"M283.211 512c78.962 0 151.079-35.925 198.857-94.792 7.068-8.708-.639-21.43-11.562-19.35-124.203 23.654-238.262-71.576-238.262-196.954 0-72.222 38.662-138.635 101.498-174.394 9.686-5.512 7.25-20.197-3.756-22.23A258.156 258.156 0 0 0 283.211 0c-141.309 0-256 114.511-256 256 0 141.309 114.511 256 256 256z\"><\/path><\/svg>\t\t\t\t\t\t<\/span>\n\t\t\t\t\t\t\t\t\t\t<span class=\"elementor-icon-list-text\">Fortune Teller<\/span>\n\t\t\t\t\t\t\t\t\t<\/li>\n\t\t\t\t\t\t<\/ul>\n\t\t\t\t\t\t<\/div>\n\t\t\t\t<\/div>\n\t\t\t\t<\/div>\n\t\t\t\t<\/div>\n\t\t<div class=\"elementor-element elementor-element-9ef77b9 e-con-full e-flex e-con e-child\" data-id=\"9ef77b9\" data-element_type=\"container\" data-e-type=\"container\">\n\t\t\t\t<div class=\"elementor-element elementor-element-4712d3a elementor-widget elementor-widget-image\" data-id=\"4712d3a\" data-element_type=\"widget\" data-e-type=\"widget\" data-widget_type=\"image.default\">\n\t\t\t\t\t\t\t\t\t\t\t\t\t\t\t<img loading=\"lazy\" decoding=\"async\" width=\"800\" height=\"800\" src=\"https:\/\/demoprojects.website\/shehry\/wp-content\/uploads\/2025\/11\/7cbe2237b6dae6b2f006af86f12fc0f0_high.webp\" class=\"attachment-large size-large wp-image-1345\" alt=\"Matrix Destiny - About Us - Chart - About Matrix Destiny - \u041e \u041c\u0430\u0442\u0440\u0438\u0446\u0435 \u0421\u0443\u0434\u044c\u0431\u044b\" srcset=\"https:\/\/demoprojects.website\/shehry\/wp-content\/uploads\/2025\/11\/7cbe2237b6dae6b2f006af86f12fc0f0_high.webp 1024w, https:\/\/demoprojects.website\/shehry\/wp-content\/uploads\/2025\/11\/7cbe2237b6dae6b2f006af86f12fc0f0_high-300x300.webp 300w, https:\/\/demoprojects.website\/shehry\/wp-content\/uploads\/2025\/11\/7cbe2237b6dae6b2f006af86f12fc0f0_high-150x150.webp 150w, https:\/\/demoprojects.website\/shehry\/wp-content\/uploads\/2025\/11\/7cbe2237b6dae6b2f006af86f12fc0f0_high-768x768.webp 768w\" sizes=\"(max-width: 800px) 100vw, 800px\" \/>\t\t\t\t\t\t\t\t\t\t\t\t\t\t\t<\/div>\n\t\t\t\t<div class=\"elementor-element elementor-element-6e40fb6 elementor-absolute elementor-widget elementor-widget-image\" data-id=\"6e40fb6\" data-element_type=\"widget\" data-e-type=\"widget\" data-settings=\"{&quot;_position&quot;:&quot;absolute&quot;,&quot;motion_fx_motion_fx_scrolling&quot;:&quot;yes&quot;,&quot;motion_fx_translateY_direction&quot;:&quot;negative&quot;,&quot;motion_fx_rotateZ_effect&quot;:&quot;yes&quot;,&quot;motion_fx_rotateZ_direction&quot;:&quot;negative&quot;,&quot;motion_fx_devices&quot;:[&quot;desktop&quot;],&quot;motion_fx_translateY_effect&quot;:&quot;yes&quot;,&quot;motion_fx_translateY_speed&quot;:{&quot;unit&quot;:&quot;px&quot;,&quot;size&quot;:1,&quot;sizes&quot;:[]},&quot;motion_fx_rotateZ_speed&quot;:{&quot;unit&quot;:&quot;px&quot;,&quot;size&quot;:0.5,&quot;sizes&quot;:[]},&quot;_animation&quot;:&quot;none&quot;,&quot;_animation_delay&quot;:400,&quot;motion_fx_translateY_affectedRange&quot;:{&quot;unit&quot;:&quot;%&quot;,&quot;size&quot;:&quot;&quot;,&quot;sizes&quot;:{&quot;start&quot;:0,&quot;end&quot;:100}},&quot;motion_fx_rotateZ_affectedRange&quot;:{&quot;unit&quot;:&quot;%&quot;,&quot;size&quot;:&quot;&quot;,&quot;sizes&quot;:{&quot;start&quot;:0,&quot;end&quot;:100}}}\" data-widget_type=\"image.default\">\n\t\t\t\t\t\t\t\t\t\t\t\t\t\t\t<img loading=\"lazy\" decoding=\"async\" width=\"400\" height=\"344\" src=\"https:\/\/demoprojects.website\/shehry\/wp-content\/uploads\/2025\/11\/rough-crystal-of-cassiterite-tin-ore-isolated-2023-11-27-05-24-16-utc-min.png\" class=\"attachment-large size-large wp-image-76\" alt=\"Matrix Destiny - Element - Matrix Destiny Blog\" srcset=\"https:\/\/demoprojects.website\/shehry\/wp-content\/uploads\/2025\/11\/rough-crystal-of-cassiterite-tin-ore-isolated-2023-11-27-05-24-16-utc-min.png 400w, https:\/\/demoprojects.website\/shehry\/wp-content\/uploads\/2025\/11\/rough-crystal-of-cassiterite-tin-ore-isolated-2023-11-27-05-24-16-utc-min-300x258.png 300w\" sizes=\"(max-width: 400px) 100vw, 400px\" \/>\t\t\t\t\t\t\t\t\t\t\t\t\t\t\t<\/div>\n\t\t\t\t<\/div>\n\t\t\t\t<\/div>\n\t\t\t\t\t<\/div>\n\t\t\t\t<\/div>\n\t\t\t\t<\/div>\n\t\t","protected":false},"excerpt":{"rendered":"<p>Informazioni sulla Matrice del Destino Guidati dallo Scopo Ogni calcolo nella Matrice del&#8230;<\/p>\n","protected":false},"author":2,"featured_media":0,"parent":0,"menu_order":0,"comment_status":"closed","ping_status":"closed","template":"elementor_header_footer","meta":{"pmpro_default_level":"","footnotes":""},"class_list":["post-2236","page","type-page","status-publish","hentry","pmpro-has-access"],"lang":"it","translations":{"it":2236,"ru":2003,"en":130,"tr":2129,"uk":2206,"pt":2277},"pll_sync_post":[],"_links":{"self":[{"href":"https:\/\/demoprojects.website\/shehry\/wp-json\/wp\/v2\/pages\/2236","targetHints":{"allow":["GET"]}}],"collection":[{"href":"https:\/\/demoprojects.website\/shehry\/wp-json\/wp\/v2\/pages"}],"about":[{"href":"https:\/\/demoprojects.website\/shehry\/wp-json\/wp\/v2\/types\/page"}],"author":[{"embeddable":true,"href":"https:\/\/demoprojects.website\/shehry\/wp-json\/wp\/v2\/users\/2"}],"replies":[{"embeddable":true,"href":"https:\/\/demoprojects.website\/shehry\/wp-json\/wp\/v2\/comments?post=2236"}],"version-history":[{"count":0,"href":"https:\/\/demoprojects.website\/shehry\/wp-json\/wp\/v2\/pages\/2236\/revisions"}],"wp:attachment":[{"href":"https:\/\/demoprojects.website\/shehry\/wp-json\/wp\/v2\/media?parent=2236"}],"curies":[{"name":"wp","href":"https:\/\/api.w.org\/{rel}","templated":true}]}}